{"id":3,"date":"2024-11-10T21:31:40","date_gmt":"2024-11-10T20:31:40","guid":{"rendered":"https:\/\/www.eneres.es\/?page_id=3"},"modified":"2025-03-10T22:08:33","modified_gmt":"2025-03-10T21:08:33","slug":"politica-privacidad","status":"publish","type":"page","link":"https:\/\/eneres.es\/en\/politica-privacidad\/","title":{"rendered":"Privacy Policy"},"content":{"rendered":"<div data-elementor-type=\"wp-page\" data-elementor-id=\"3\" class=\"elementor elementor-3\" data-elementor-post-type=\"page\">\n\t\t\t\t<div class=\"elementor-element elementor-element-62b16b3 e-flex e-con-boxed e-con e-parent\" data-id=\"62b16b3\" data-element_type=\"container\" data-e-type=\"container\">\n\t\t\t\t\t<div class=\"e-con-inner\">\n\t\t\t\t<div class=\"elementor-element elementor-element-0d16136 elementor-widget elementor-widget-heading\" data-id=\"0d16136\" data-element_type=\"widget\" data-e-type=\"widget\" data-widget_type=\"heading.default\">\n\t\t\t\t<div class=\"elementor-widget-container\">\n\t\t\t\t\t<h2 class=\"elementor-heading-title elementor-size-default\">PRIVACY POLICY<\/h2>\t\t\t\t<\/div>\n\t\t\t\t<\/div>\n\t\t\t\t<div class=\"elementor-element elementor-element-1bfb981 elementor-widget elementor-widget-text-editor\" data-id=\"1bfb981\" data-element_type=\"widget\" data-e-type=\"widget\" data-widget_type=\"text-editor.default\">\n\t\t\t\t<div class=\"elementor-widget-container\">\n\t\t\t\t\t\t\t\t\t<p>Date of last update: 10\/03\/2025<\/p><p>At eneres.es, we respect and protect the privacy of our users. This privacy policy explains how we handle information when you visit our website. Please note that our site does not collect or store any personal information about you.<\/p><p><strong>1. Data collection<\/strong><\/p><ul><li class=\"translation-block\">No forms: The website does not include forms or mechanisms for users to provide personal data, such as names, email addresses or any other identifying information.<\/li><li class=\"translation-block\">Cookies: We use cookies to enhance the user experience on our website. These cookies may collect information about site usage, such as pages visited and time spent browsing. We do not use cookies to identify users personally.<\/li><\/ul><p><strong>2. Use of third-party services<\/strong><\/p><p>We do not use third party services that may collect personal data, such as analytics tools, integrated social networks or advertising.<\/p><p><strong>3. Links to external sites<\/strong><\/p><p>Our website may contain links to other websites. We are not responsible for the privacy policies or practices of such external sites. We encourage you to review their privacy policies before interacting with them.<\/p><p><strong>4. Security<\/strong><\/p><p>Although we do not collect or store personal data through forms, we are committed to maintaining a high level of security on our website to protect any possible user interaction and the use of cookies.<\/p><p><b>5. Changes to this privacy policy<\/b><\/p><p><span style=\"font-style: inherit; font-weight: inherit; color: var( --e-global-color-text ); text-align: var(--text-align);\">We reserve the right to update this privacy policy at any time to reflect changes to the website or applicable law. We encourage you to periodically review this section to stay informed.<\/span><\/p><p><b>6. Contact<\/b><\/p><p>If you have any questions about this privacy policy, you can contact us by email: eneres@eneres.es<\/p>\t\t\t\t\t\t\t\t<\/div>\n\t\t\t\t<\/div>\n\t\t\t\t\t<\/div>\n\t\t\t\t<\/div>\n\t\t\t\t<\/div>","protected":false},"excerpt":{"rendered":"<p>POL\u00cdTICA DE PRIVACIDAD Fecha de \u00faltima actualizaci\u00f3n: 10\/03\/2025 En eneres.es, respetamos y protegemos la privacidad de nuestros usuarios. Esta pol\u00edtica [&hellip;]<\/p>\n","protected":false},"author":1,"featured_media":0,"parent":0,"menu_order":0,"comment_status":"closed","ping_status":"open","template":"elementor_canvas","meta":{"site-sidebar-layout":"no-sidebar","site-content-layout":"","ast-site-content-layout":"full-width-container","site-content-style":"default","site-sidebar-style":"default","ast-global-header-display":"","ast-banner-title-visibility":"","ast-main-header-display":"","ast-hfb-above-header-display":"","ast-hfb-below-header-display":"","ast-hfb-mobile-header-display":"","site-post-title":"disabled","ast-breadcrumbs-content":"","ast-featured-img":"disabled","footer-sml-layout":"","theme-transparent-header-meta":"","adv-header-id-meta":"","stick-header-meta":"","header-above-stick-meta":"","header-main-stick-meta":"","header-below-stick-meta":"","astra-migrate-meta-layouts":"default","ast-page-background-enabled":"default","ast-page-background-meta":{"desktop":{"background-color":"var(--ast-global-color-5)","background-image":"","background-repeat":"repeat","background-position":"center center","background-size":"auto","background-attachment":"scroll","background-type":"","background-media":"","overlay-type":"","overlay-color":"","overlay-opacity":"","overlay-gradient":""},"tablet":{"background-color":"","background-image":"","background-repeat":"repeat","background-position":"center center","background-size":"auto","background-attachment":"scroll","background-type":"","background-media":"","overlay-type":"","overlay-color":"","overlay-opacity":"","overlay-gradient":""},"mobile":{"background-color":"","background-image":"","background-repeat":"repeat","background-position":"center center","background-size":"auto","background-attachment":"scroll","background-type":"","background-media":"","overlay-type":"","overlay-color":"","overlay-opacity":"","overlay-gradient":""}},"ast-content-background-meta":{"desktop":{"background-color":"var(--ast-global-color-4)","background-image":"","background-repeat":"repeat","background-position":"center center","background-size":"auto","background-attachment":"scroll","background-type":"","background-media":"","overlay-type":"","overlay-color":"","overlay-opacity":"","overlay-gradient":""},"tablet":{"background-color":"var(--ast-global-color-4)","background-image":"","background-repeat":"repeat","background-position":"center center","background-size":"auto","background-attachment":"scroll","background-type":"","background-media":"","overlay-type":"","overlay-color":"","overlay-opacity":"","overlay-gradient":""},"mobile":{"background-color":"var(--ast-global-color-4)","background-image":"","background-repeat":"repeat","background-position":"center center","background-size":"auto","background-attachment":"scroll","background-type":"","background-media":"","overlay-type":"","overlay-color":"","overlay-opacity":"","overlay-gradient":""}},"footnotes":""},"class_list":["post-3","page","type-page","status-publish","hentry"],"_links":{"self":[{"href":"https:\/\/eneres.es\/en\/wp-json\/wp\/v2\/pages\/3","targetHints":{"allow":["GET"]}}],"collection":[{"href":"https:\/\/eneres.es\/en\/wp-json\/wp\/v2\/pages"}],"about":[{"href":"https:\/\/eneres.es\/en\/wp-json\/wp\/v2\/types\/page"}],"author":[{"embeddable":true,"href":"https:\/\/eneres.es\/en\/wp-json\/wp\/v2\/users\/1"}],"replies":[{"embeddable":true,"href":"https:\/\/eneres.es\/en\/wp-json\/wp\/v2\/comments?post=3"}],"version-history":[{"count":22,"href":"https:\/\/eneres.es\/en\/wp-json\/wp\/v2\/pages\/3\/revisions"}],"predecessor-version":[{"id":824,"href":"https:\/\/eneres.es\/en\/wp-json\/wp\/v2\/pages\/3\/revisions\/824"}],"wp:attachment":[{"href":"https:\/\/eneres.es\/en\/wp-json\/wp\/v2\/media?parent=3"}],"curies":[{"name":"wp","href":"https:\/\/api.w.org\/{rel}","templated":true}]}}