{"id":24,"date":"2024-11-12T12:05:30","date_gmt":"2024-11-12T11:05:30","guid":{"rendered":"https:\/\/eneres.es\/?page_id=24"},"modified":"2025-01-13T10:33:40","modified_gmt":"2025-01-13T09:33:40","slug":"proyectos","status":"publish","type":"page","link":"https:\/\/eneres.es\/en\/proyectos\/","title":{"rendered":"PROJECTS"},"content":{"rendered":"<div data-elementor-type=\"wp-page\" data-elementor-id=\"24\" class=\"elementor elementor-24\" data-elementor-post-type=\"page\">\n\t\t\t\t<div class=\"elementor-element elementor-element-a4c1ea2 e-grid e-con-boxed e-con e-parent\" data-id=\"a4c1ea2\" data-element_type=\"container\" data-e-type=\"container\">\n\t\t\t\t\t<div class=\"e-con-inner\">\n\t\t\t\t<div class=\"elementor-element elementor-element-f566513 elementor-position-top elementor-widget elementor-widget-image-box\" data-id=\"f566513\" data-element_type=\"widget\" data-e-type=\"widget\" data-widget_type=\"image-box.default\">\n\t\t\t\t<div class=\"elementor-widget-container\">\n\t\t\t\t\t<div class=\"elementor-image-box-wrapper\"><figure class=\"elementor-image-box-img\"><a href=\"https:\/\/eneres.es\/en\/proyectos\/ansoain\/\" tabindex=\"-1\"><img fetchpriority=\"high\" decoding=\"async\" width=\"553\" height=\"388\" src=\"https:\/\/eneres.es\/wp-content\/uploads\/2024\/11\/ansoain04.jpg\" class=\"attachment-full size-full wp-image-184\" alt=\"\" srcset=\"https:\/\/eneres.es\/wp-content\/uploads\/2024\/11\/ansoain04.jpg 553w, https:\/\/eneres.es\/wp-content\/uploads\/2024\/11\/ansoain04-300x210.jpg 300w\" sizes=\"(max-width: 553px) 100vw, 553px\" \/><\/a><\/figure><div class=\"elementor-image-box-content\"><h3 class=\"elementor-image-box-title\"><a href=\"https:\/\/eneres.es\/en\/proyectos\/ansoain\/\">Ansoain<\/a><\/h3><\/div><\/div>\t\t\t\t<\/div>\n\t\t\t\t<\/div>\n\t\t\t\t<div class=\"elementor-element elementor-element-ad0775b elementor-position-top elementor-widget elementor-widget-image-box\" data-id=\"ad0775b\" data-element_type=\"widget\" data-e-type=\"widget\" data-widget_type=\"image-box.default\">\n\t\t\t\t<div class=\"elementor-widget-container\">\n\t\t\t\t\t<div class=\"elementor-image-box-wrapper\"><figure class=\"elementor-image-box-img\"><a href=\"https:\/\/eneres.es\/en\/proyectos\/torrejon-2\/\" tabindex=\"-1\"><img decoding=\"async\" width=\"553\" height=\"388\" src=\"https:\/\/eneres.es\/wp-content\/uploads\/2024\/11\/torrejon.png\" class=\"attachment-full size-full wp-image-187\" alt=\"\" srcset=\"https:\/\/eneres.es\/wp-content\/uploads\/2024\/11\/torrejon.png 553w, https:\/\/eneres.es\/wp-content\/uploads\/2024\/11\/torrejon-300x210.png 300w\" sizes=\"(max-width: 553px) 100vw, 553px\" \/><\/a><\/figure><div class=\"elementor-image-box-content\"><h3 class=\"elementor-image-box-title\"><a href=\"https:\/\/eneres.es\/en\/proyectos\/torrejon-2\/\">Torrejon<\/a><\/h3><\/div><\/div>\t\t\t\t<\/div>\n\t\t\t\t<\/div>\n\t\t\t\t<div class=\"elementor-element elementor-element-f8340ab elementor-position-top elementor-widget elementor-widget-image-box\" data-id=\"f8340ab\" data-element_type=\"widget\" data-e-type=\"widget\" data-widget_type=\"image-box.default\">\n\t\t\t\t<div class=\"elementor-widget-container\">\n\t\t\t\t\t<div class=\"elementor-image-box-wrapper\"><figure class=\"elementor-image-box-img\"><a href=\"https:\/\/eneres.es\/en\/proyectos\/escuela-de-nanotecnologia\/\" tabindex=\"-1\"><img decoding=\"async\" width=\"553\" height=\"388\" src=\"https:\/\/eneres.es\/wp-content\/uploads\/2024\/11\/oliveira01.png\" class=\"attachment-full size-full wp-image-186\" alt=\"\" srcset=\"https:\/\/eneres.es\/wp-content\/uploads\/2024\/11\/oliveira01.png 553w, https:\/\/eneres.es\/wp-content\/uploads\/2024\/11\/oliveira01-300x210.png 300w\" sizes=\"(max-width: 553px) 100vw, 553px\" \/><\/a><\/figure><div class=\"elementor-image-box-content\"><h3 class=\"elementor-image-box-title\"><a href=\"https:\/\/eneres.es\/en\/proyectos\/escuela-de-nanotecnologia\/\">University of nanotechnology<\/a><\/h3><\/div><\/div>\t\t\t\t<\/div>\n\t\t\t\t<\/div>\n\t\t\t\t<div class=\"elementor-element elementor-element-2810ca9 elementor-position-top elementor-widget elementor-widget-image-box\" data-id=\"2810ca9\" data-element_type=\"widget\" data-e-type=\"widget\" data-widget_type=\"image-box.default\">\n\t\t\t\t<div class=\"elementor-widget-container\">\n\t\t\t\t\t<div class=\"elementor-image-box-wrapper\"><figure class=\"elementor-image-box-img\"><a href=\"https:\/\/eneres.es\/en\/proyectos\/ponzano\/\" tabindex=\"-1\"><img loading=\"lazy\" decoding=\"async\" width=\"553\" height=\"388\" src=\"https:\/\/eneres.es\/wp-content\/uploads\/2024\/11\/p-04-ponzano.png\" class=\"attachment-full size-full wp-image-178\" alt=\"\" srcset=\"https:\/\/eneres.es\/wp-content\/uploads\/2024\/11\/p-04-ponzano.png 553w, https:\/\/eneres.es\/wp-content\/uploads\/2024\/11\/p-04-ponzano-300x210.png 300w\" sizes=\"(max-width: 553px) 100vw, 553px\" \/><\/a><\/figure><div class=\"elementor-image-box-content\"><h3 class=\"elementor-image-box-title\"><a href=\"https:\/\/eneres.es\/en\/proyectos\/ponzano\/\">Ponzano<\/a><\/h3><\/div><\/div>\t\t\t\t<\/div>\n\t\t\t\t<\/div>\n\t\t\t\t<div class=\"elementor-element elementor-element-61c9ad1 elementor-position-top elementor-widget elementor-widget-image-box\" data-id=\"61c9ad1\" data-element_type=\"widget\" data-e-type=\"widget\" data-widget_type=\"image-box.default\">\n\t\t\t\t<div class=\"elementor-widget-container\">\n\t\t\t\t\t<div class=\"elementor-image-box-wrapper\"><figure class=\"elementor-image-box-img\"><a href=\"https:\/\/eneres.es\/en\/proyectos\/manuel-silvela\/\" tabindex=\"-1\"><img loading=\"lazy\" decoding=\"async\" width=\"553\" height=\"388\" src=\"https:\/\/eneres.es\/wp-content\/uploads\/2024\/11\/p-02-manuel-silvela.png\" class=\"attachment-full size-full wp-image-179\" alt=\"\" srcset=\"https:\/\/eneres.es\/wp-content\/uploads\/2024\/11\/p-02-manuel-silvela.png 553w, https:\/\/eneres.es\/wp-content\/uploads\/2024\/11\/p-02-manuel-silvela-300x210.png 300w\" sizes=\"(max-width: 553px) 100vw, 553px\" \/><\/a><\/figure><div class=\"elementor-image-box-content\"><h3 class=\"elementor-image-box-title\"><a href=\"https:\/\/eneres.es\/en\/proyectos\/manuel-silvela\/\">Manuel Silvela<\/a><\/h3><\/div><\/div>\t\t\t\t<\/div>\n\t\t\t\t<\/div>\n\t\t\t\t<div class=\"elementor-element elementor-element-62ac837 elementor-position-top elementor-widget elementor-widget-image-box\" data-id=\"62ac837\" data-element_type=\"widget\" data-e-type=\"widget\" data-widget_type=\"image-box.default\">\n\t\t\t\t<div class=\"elementor-widget-container\">\n\t\t\t\t\t<div class=\"elementor-image-box-wrapper\"><figure class=\"elementor-image-box-img\"><a href=\"https:\/\/eneres.es\/en\/proyectos\/parque-de-cercal-campus\/\" tabindex=\"-1\"><img loading=\"lazy\" decoding=\"async\" width=\"553\" height=\"388\" src=\"https:\/\/eneres.es\/wp-content\/uploads\/2024\/11\/p-07-aveiro.png\" class=\"attachment-full size-full wp-image-182\" alt=\"\" srcset=\"https:\/\/eneres.es\/wp-content\/uploads\/2024\/11\/p-07-aveiro.png 553w, https:\/\/eneres.es\/wp-content\/uploads\/2024\/11\/p-07-aveiro-300x210.png 300w\" sizes=\"(max-width: 553px) 100vw, 553px\" \/><\/a><\/figure><div class=\"elementor-image-box-content\"><h3 class=\"elementor-image-box-title\"><a href=\"https:\/\/eneres.es\/en\/proyectos\/parque-de-cercal-campus\/\">Park Campus, Aveiro<\/a><\/h3><\/div><\/div>\t\t\t\t<\/div>\n\t\t\t\t<\/div>\n\t\t\t\t<div class=\"elementor-element elementor-element-8089d1f elementor-position-top elementor-widget elementor-widget-image-box\" data-id=\"8089d1f\" data-element_type=\"widget\" data-e-type=\"widget\" data-widget_type=\"image-box.default\">\n\t\t\t\t<div class=\"elementor-widget-container\">\n\t\t\t\t\t<div class=\"elementor-image-box-wrapper\"><figure class=\"elementor-image-box-img\"><a href=\"https:\/\/eneres.es\/en\/proyectos\/margaritas\/\" tabindex=\"-1\"><img loading=\"lazy\" decoding=\"async\" width=\"553\" height=\"388\" src=\"https:\/\/eneres.es\/wp-content\/uploads\/2024\/11\/p-06-margaritas.png\" class=\"attachment-full size-full wp-image-183\" alt=\"\" srcset=\"https:\/\/eneres.es\/wp-content\/uploads\/2024\/11\/p-06-margaritas.png 553w, https:\/\/eneres.es\/wp-content\/uploads\/2024\/11\/p-06-margaritas-300x210.png 300w\" sizes=\"(max-width: 553px) 100vw, 553px\" \/><\/a><\/figure><div class=\"elementor-image-box-content\"><h3 class=\"elementor-image-box-title\"><a href=\"https:\/\/eneres.es\/en\/proyectos\/margaritas\/\">Margaritas<\/a><\/h3><\/div><\/div>\t\t\t\t<\/div>\n\t\t\t\t<\/div>\n\t\t\t\t<div class=\"elementor-element elementor-element-0d1725e elementor-position-top elementor-widget elementor-widget-image-box\" data-id=\"0d1725e\" data-element_type=\"widget\" data-e-type=\"widget\" data-widget_type=\"image-box.default\">\n\t\t\t\t<div class=\"elementor-widget-container\">\n\t\t\t\t\t<div class=\"elementor-image-box-wrapper\"><figure class=\"elementor-image-box-img\"><a href=\"https:\/\/eneres.es\/en\/proyectos\/sede-bbva\/\" tabindex=\"-1\"><img loading=\"lazy\" decoding=\"async\" width=\"553\" height=\"388\" src=\"https:\/\/eneres.es\/wp-content\/uploads\/2024\/11\/p-14-bbva-1.png\" class=\"attachment-full size-full wp-image-180\" alt=\"\" srcset=\"https:\/\/eneres.es\/wp-content\/uploads\/2024\/11\/p-14-bbva-1.png 553w, https:\/\/eneres.es\/wp-content\/uploads\/2024\/11\/p-14-bbva-1-300x210.png 300w\" sizes=\"(max-width: 553px) 100vw, 553px\" \/><\/a><\/figure><div class=\"elementor-image-box-content\"><h3 class=\"elementor-image-box-title\"><a href=\"https:\/\/eneres.es\/en\/proyectos\/sede-bbva\/\">BBVA<\/a><\/h3><\/div><\/div>\t\t\t\t<\/div>\n\t\t\t\t<\/div>\n\t\t\t\t<div class=\"elementor-element elementor-element-5e9eeb9 elementor-position-top elementor-widget elementor-widget-image-box\" data-id=\"5e9eeb9\" data-element_type=\"widget\" data-e-type=\"widget\" data-widget_type=\"image-box.default\">\n\t\t\t\t<div class=\"elementor-widget-container\">\n\t\t\t\t\t<div class=\"elementor-image-box-wrapper\"><figure class=\"elementor-image-box-img\"><a href=\"https:\/\/eneres.es\/en\/proyectos\/teatro-daoiz-y-velarde\/\" tabindex=\"-1\"><img loading=\"lazy\" decoding=\"async\" width=\"559\" height=\"388\" src=\"https:\/\/eneres.es\/wp-content\/uploads\/2024\/11\/daoizyvelarde01.png\" class=\"attachment-full size-full wp-image-181\" alt=\"\" srcset=\"https:\/\/eneres.es\/wp-content\/uploads\/2024\/11\/daoizyvelarde01.png 559w, https:\/\/eneres.es\/wp-content\/uploads\/2024\/11\/daoizyvelarde01-300x208.png 300w\" sizes=\"(max-width: 559px) 100vw, 559px\" \/><\/a><\/figure><div class=\"elementor-image-box-content\"><h3 class=\"elementor-image-box-title\"><a href=\"https:\/\/eneres.es\/en\/proyectos\/teatro-daoiz-y-velarde\/\">Daoiz y Velarde Theater<\/a><\/h3><\/div><\/div>\t\t\t\t<\/div>\n\t\t\t\t<\/div>\n\t\t\t\t<div class=\"elementor-element elementor-element-86c3b9b elementor-position-top elementor-widget elementor-widget-image-box\" data-id=\"86c3b9b\" data-element_type=\"widget\" data-e-type=\"widget\" data-widget_type=\"image-box.default\">\n\t\t\t\t<div class=\"elementor-widget-container\">\n\t\t\t\t\t<div class=\"elementor-image-box-wrapper\"><figure class=\"elementor-image-box-img\"><a href=\"https:\/\/eneres.es\/en\/proyectos\/apolonio-morales\/\" tabindex=\"-1\"><img loading=\"lazy\" decoding=\"async\" width=\"553\" height=\"388\" src=\"https:\/\/eneres.es\/wp-content\/uploads\/2024\/11\/apolonio-morales01.png\" class=\"attachment-full size-full wp-image-185\" alt=\"\" srcset=\"https:\/\/eneres.es\/wp-content\/uploads\/2024\/11\/apolonio-morales01.png 553w, https:\/\/eneres.es\/wp-content\/uploads\/2024\/11\/apolonio-morales01-300x210.png 300w\" sizes=\"(max-width: 553px) 100vw, 553px\" \/><\/a><\/figure><div class=\"elementor-image-box-content\"><h3 class=\"elementor-image-box-title\"><a href=\"https:\/\/eneres.es\/en\/proyectos\/apolonio-morales\/\">Apolonio Morales<\/a><\/h3><\/div><\/div>\t\t\t\t<\/div>\n\t\t\t\t<\/div>\n\t\t\t\t<div class=\"elementor-element elementor-element-bee2914 elementor-position-top elementor-widget elementor-widget-image-box\" data-id=\"bee2914\" data-element_type=\"widget\" data-e-type=\"widget\" data-widget_type=\"image-box.default\">\n\t\t\t\t<div class=\"elementor-widget-container\">\n\t\t\t\t\t<div class=\"elementor-image-box-wrapper\"><figure class=\"elementor-image-box-img\"><a href=\"https:\/\/eneres.es\/en\/proyectos\/escuela-de-saude\/\" tabindex=\"-1\"><img loading=\"lazy\" decoding=\"async\" width=\"553\" height=\"388\" src=\"https:\/\/eneres.es\/wp-content\/uploads\/2024\/11\/p-08-escuela-de-saude-1.png\" class=\"attachment-full size-full wp-image-177\" alt=\"\" srcset=\"https:\/\/eneres.es\/wp-content\/uploads\/2024\/11\/p-08-escuela-de-saude-1.png 553w, https:\/\/eneres.es\/wp-content\/uploads\/2024\/11\/p-08-escuela-de-saude-1-300x210.png 300w\" sizes=\"(max-width: 553px) 100vw, 553px\" \/><\/a><\/figure><div class=\"elementor-image-box-content\"><h3 class=\"elementor-image-box-title\"><a href=\"https:\/\/eneres.es\/en\/proyectos\/escuela-de-saude\/\">Aveiro School of Health<\/a><\/h3><\/div><\/div>\t\t\t\t<\/div>\n\t\t\t\t<\/div>\n\t\t\t\t\t<\/div>\n\t\t\t\t<\/div>\n\t\t\t\t<\/div>","protected":false},"excerpt":{"rendered":"<p>Anso\u00e1in Torrej\u00f3n Escuela de Nanotecnolog\u00eda Ponzano Manuel Silvela Parque de Cercal Campus Margaritas Sede BBVA Teatro Dao\u00edz y Velarde Apolonio [&hellip;]<\/p>","protected":false},"author":3,"featured_media":0,"parent":0,"menu_order":0,"comment_status":"closed","ping_status":"closed","template":"elementor_canvas","meta":{"site-sidebar-layout":"no-sidebar","site-content-layout":"","ast-site-content-layout":"full-width-container","site-content-style":"default","site-sidebar-style":"default","ast-global-header-display":"","ast-banner-title-visibility":"","ast-main-header-display":"","ast-hfb-above-header-display":"","ast-hfb-below-header-display":"","ast-hfb-mobile-header-display":"","site-post-title":"disabled","ast-breadcrumbs-content":"","ast-featured-img":"disabled","footer-sml-layout":"","theme-transparent-header-meta":"","adv-header-id-meta":"","stick-header-meta":"","header-above-stick-meta":"","header-main-stick-meta":"","header-below-stick-meta":"","astra-migrate-meta-layouts":"default","ast-page-background-enabled":"default","ast-page-background-meta":{"desktop":{"background-color":"var(--ast-global-color-5)","background-image":"","background-repeat":"repeat","background-position":"center center","background-size":"auto","background-attachment":"scroll","background-type":"","background-media":"","overlay-type":"","overlay-color":"","overlay-opacity":"","overlay-gradient":""},"tablet":{"background-color":"","background-image":"","background-repeat":"repeat","background-position":"center center","background-size":"auto","background-attachment":"scroll","background-type":"","background-media":"","overlay-type":"","overlay-color":"","overlay-opacity":"","overlay-gradient":""},"mobile":{"background-color":"","background-image":"","background-repeat":"repeat","background-position":"center center","background-size":"auto","background-attachment":"scroll","background-type":"","background-media":"","overlay-type":"","overlay-color":"","overlay-opacity":"","overlay-gradient":""}},"ast-content-background-meta":{"desktop":{"background-color":"var(--ast-global-color-4)","background-image":"","background-repeat":"repeat","background-position":"center center","background-size":"auto","background-attachment":"scroll","background-type":"","background-media":"","overlay-type":"","overlay-color":"","overlay-opacity":"","overlay-gradient":""},"tablet":{"background-color":"var(--ast-global-color-4)","background-image":"","background-repeat":"repeat","background-position":"center center","background-size":"auto","background-attachment":"scroll","background-type":"","background-media":"","overlay-type":"","overlay-color":"","overlay-opacity":"","overlay-gradient":""},"mobile":{"background-color":"var(--ast-global-color-4)","background-image":"","background-repeat":"repeat","background-position":"center center","background-size":"auto","background-attachment":"scroll","background-type":"","background-media":"","overlay-type":"","overlay-color":"","overlay-opacity":"","overlay-gradient":""}},"footnotes":""},"class_list":["post-24","page","type-page","status-publish","hentry"],"_links":{"self":[{"href":"https:\/\/eneres.es\/en\/wp-json\/wp\/v2\/pages\/24","targetHints":{"allow":["GET"]}}],"collection":[{"href":"https:\/\/eneres.es\/en\/wp-json\/wp\/v2\/pages"}],"about":[{"href":"https:\/\/eneres.es\/en\/wp-json\/wp\/v2\/types\/page"}],"author":[{"embeddable":true,"href":"https:\/\/eneres.es\/en\/wp-json\/wp\/v2\/users\/3"}],"replies":[{"embeddable":true,"href":"https:\/\/eneres.es\/en\/wp-json\/wp\/v2\/comments?post=24"}],"version-history":[{"count":31,"href":"https:\/\/eneres.es\/en\/wp-json\/wp\/v2\/pages\/24\/revisions"}],"predecessor-version":[{"id":675,"href":"https:\/\/eneres.es\/en\/wp-json\/wp\/v2\/pages\/24\/revisions\/675"}],"wp:attachment":[{"href":"https:\/\/eneres.es\/en\/wp-json\/wp\/v2\/media?parent=24"}],"curies":[{"name":"wp","href":"https:\/\/api.w.org\/{rel}","templated":true}]}}